{"id":522857,"date":"2019-12-02T15:13:32","date_gmt":"2019-12-02T15:13:32","guid":{"rendered":"http:\/\/www.webuildvalue.com\/?page_id=522857"},"modified":"2020-05-15T17:10:40","modified_gmt":"2020-05-15T17:10:40","slug":"disclaimer","status":"publish","type":"page","link":"https:\/\/www.webuildvalue.com\/it\/disclaimer","title":{"rendered":"Disclaimer"},"content":{"rendered":"\n<p> I contenuti degli articoli\u00a0 pubblicati sul sito non a firma\u00a0Webuild\u00a0non rispecchiano necessariamente le opinioni\u00a0 di\u00a0Webuild\u00a0e riflettono, pertanto, unicamente l\u2019opinione dell\u2019autore che se ne assume la piena responsabilit\u00e0.<br>L\u2019utilizzo, sotto qualsiasi forma, delle informazioni e \/ o video e immagini pubblicate sul sito avviene sotto la piena ed esclusiva responsabilit\u00e0 dell\u2019utente con rinuncia espressa da parte dell\u2019utente a qualsiasi azione di rivalsa nei confronti di Webuild per danni subiti a causa dell\u2019utilizzo.<br>La sopra riportata clausola di esclusione di responsabilit\u00e0 non ha lo scopo di eludere il rispetto di requisiti prescritti dalla legislazione italiana vigente, n\u00e9 di escludere la responsabilit\u00e0 nei casi per i quali essa sussiste ai sensi della stessa legislazione.<br>Le immagini, i loghi, i marchi registrati appartengono ai rispettivi proprietari e non possono essere riprodotti senza il loro preventivo consenso.<br>\u00c8 consentito creare collegamenti ipertestuali verso le pagine di questo sito.<br>\u00c8 consentito utilizzare i contenuti presenti nel sito solo citandone sempre la fonte ed esclusivamente per scopi non commerciali, nel pieno rispetto delle vigenti disposizioni di legge applicabili,\u00a0 con\u00a0 particolare riguardo alle norme di protezione dei dati, alle leggi in materia di protezione della propriet\u00e0 intellettuale e industriale, alla protezione dei dati personali, alle vigenti norme in materia di criminalit\u00e0 informatica ed alla normativa in materia di telecomunicazioni.<br>In caso di utilizzo delle pubblicazioni in violazione di quanto sopra previsto, l\u2019utente\u00a0 manlever\u00e0 e terr\u00e0 indenne\u00a0Webuild\u00a0e i soggetti ad essa collegati o da essa controllati, e\/o i suoi rappresentanti, e\/o i dipendenti, nonch\u00e9 qualsivoglia partner di\u00a0Webuild, da ogni richiesta di danno derivante da rivendicazioni\u00a0 di terzi nei suoi confronti per danni causati dall\u2019utente.<\/p>\n","protected":false},"excerpt":{"rendered":"<p>I contenuti degli articoli\u00a0 pubblicati sul sito non a firma\u00a0Webuild\u00a0non rispecchiano necessariamente le opinioni\u00a0 di\u00a0Webuild\u00a0e riflettono, pertanto, unicamente l\u2019opinione dell\u2019autore che se ne assume la piena responsabilit\u00e0.L\u2019utilizzo, sotto qualsiasi forma, delle informazioni e \/ o video e immagini pubblicate sul sito avviene sotto la piena ed esclusiva responsabilit\u00e0 dell\u2019utente con rinuncia espressa da parte dell\u2019utente [&hellip;]<\/p>\n","protected":false},"author":1,"featured_media":0,"parent":0,"menu_order":0,"comment_status":"closed","ping_status":"closed","template":"","meta":{"_acf_changed":false,"footnotes":""},"yst_prominent_words":[15022,18766,15281,18764,18778,18763,18780,14753,18762,16062,18760,18781,16125,18765,14574,18767,9422,18534,18444,18779],"class_list":["post-522857","page","type-page","status-publish","hentry"],"acf":[],"_links":{"self":[{"href":"https:\/\/www.webuildvalue.com\/it\/wp-json\/wp\/v2\/pages\/522857","targetHints":{"allow":["GET"]}}],"collection":[{"href":"https:\/\/www.webuildvalue.com\/it\/wp-json\/wp\/v2\/pages"}],"about":[{"href":"https:\/\/www.webuildvalue.com\/it\/wp-json\/wp\/v2\/types\/page"}],"author":[{"embeddable":true,"href":"https:\/\/www.webuildvalue.com\/it\/wp-json\/wp\/v2\/users\/1"}],"replies":[{"embeddable":true,"href":"https:\/\/www.webuildvalue.com\/it\/wp-json\/wp\/v2\/comments?post=522857"}],"version-history":[{"count":4,"href":"https:\/\/www.webuildvalue.com\/it\/wp-json\/wp\/v2\/pages\/522857\/revisions"}],"predecessor-version":[{"id":537954,"href":"https:\/\/www.webuildvalue.com\/it\/wp-json\/wp\/v2\/pages\/522857\/revisions\/537954"}],"wp:attachment":[{"href":"https:\/\/www.webuildvalue.com\/it\/wp-json\/wp\/v2\/media?parent=522857"}],"wp:term":[{"taxonomy":"yst_prominent_words","embeddable":true,"href":"https:\/\/www.webuildvalue.com\/it\/wp-json\/wp\/v2\/yst_prominent_words?post=522857"}],"curies":[{"name":"wp","href":"https:\/\/api.w.org\/{rel}","templated":true}]}}